{"id":69,"date":"2016-10-16T17:47:02","date_gmt":"2016-10-16T15:47:02","guid":{"rendered":"https:\/\/www.dodgeball-chemnitz.de\/?page_id=69"},"modified":"2026-01-06T08:45:58","modified_gmt":"2026-01-06T06:45:58","slug":"regeln","status":"publish","type":"page","link":"https:\/\/www.dodgeball-chemnitz.de\/index.php\/regeln\/","title":{"rendered":"Regeln"},"content":{"rendered":"\n<p><br><strong>Allgemein:<\/strong><br>&#8211; gespielt wird mit 6 offiziellen 18cm Schaumstoffb\u00e4llen auf 3 Spielfeldern <br>&#8211; das Spielfeld entspricht einem Volleyballfeld, an den Enden sind Fangnetz aufgestellt<br>&#8211; Ziel ist es die Gegner abzuwerfen oder durch Catches ausscheiden zu lassen<br>&#8211; das Team welches zuerst alle Gegner ausscheiden l\u00e4sst, gewinnt einen Satz<br>&#8211; ein Satz dauert 3 Minuten<br>&#8211; ein Spiel geht mehrere S\u00e4tze (Best of 3 oder Best of 5)<br>&#8211; sind am Ende eines Satzes gleich viele Spieler auf beiden Seiten, wird im Vorfeld festgelegt, ob dieser Satz als Unentschieden gewertet wird oder ins Sudden Death geht<br><\/p>\n\n\n\n<p><strong>Fairness:<\/strong><br>&#8211; kein Diskussion, Schiedsrichter hat immer recht<br>&#8211; Schiedsrichter sind Vorort + zus\u00e4tzliche Schiedsrichter werden durch die Teams gestellt <br>&#8211; bei sportlich unfairen Verhalten (Gesten, Worte, Ball wegwerfen usw.) scheidet der betroffene Spieler f\u00fcr dieses Spiel aus; bei Wiederholung wird er vom Turnier disqualifiziert<\/p>\n\n\n\n<p><br><strong>Opening Rush:<\/strong><br>&#8211; zu Beginn des Spiels liegen je 3 B\u00e4lle links und rechts auf der Mittellinie<br>&#8211; zum Start darf jedes Team nur die 3 rechten B\u00e4lle von der Mittellinie holen<br>&#8211; die B\u00e4lle m\u00fcssen einmalig hinter die Angriffslinie zur Aktivierung gepasst oder gebracht werden<br>&#8211; alle aktivierten B\u00e4lle bleiben den gesamten Satz aktiviert<br><\/p>\n\n\n\n<p><strong>Ausscheiden:<\/strong><br>&#8211; bei einer Linien\u00fcbertretung eines Spielers scheidet dieser aus<br>&#8211; nachdem ein Ball gefangen wurde, scheidet der Werfer raus + 1 Teamkamerad rein<br>&#8211; der Ball ist so lange aktiv, wie er nicht den Boden, Wand oder anderes Objekt ber\u00fchrt<br>&#8211; Mehrfachtreffer sind m\u00f6glich<br>&#8211; SAVE: Wenn ein Teamkollege einen Ball f\u00e4ngt, von jemanden, der getroffen wurde bevor der<br>Ball ein Objekt ber\u00fchrt, wird der Getroffene gerettet und der Werfer muss raus<br><\/p>\n\n\n\n<p><strong>Blocken:<\/strong><br>&#8211; gegnerische W\u00fcrfe d\u00fcrfen mit einem Ball in der Hand geblockt werden<br>&#8211; Finger und Handgelenk z\u00e4hlen zum Ball<br>&#8211; wird der Ball dabei verloren und ber\u00fchrt einen Gegenstand scheidet der Verteidiger aus<br>&#8211; geblockte B\u00e4lle bleiben aktiv und k\u00f6nnen noch Spieler abwerfen oder gefangen werden<br><\/p>\n\n\n\n<p><strong>Zur\u00fcckholen:<\/strong><br>&#8211; der erste Ausgeschiedene betritt das Spielfeld \u00fcber die Grundlinie nach einem Team-Catch<br>&#8211; Ausgeschiedene d\u00fcrfen nicht aktiv am Spielgeschehen werden teilnehmen und auch keine Ballholer werden<br>&#8211; zur\u00fcckholen gem\u00e4\u00df Reihenfolge FIFO<br><\/p>\n\n\n\n<p><strong>Ballholer:<\/strong><br>&#8211; werden durch andere Teams gestellt oder durch eigene Auswechselspieler<br>&#8211; sind farblich gekennzeichnet<br>&#8211; d\u00fcrfen keine Gegenst\u00e4nde und Personen im und auf dem Spielfeld ber\u00fchren<br>&#8211; B\u00e4lle zu Spielern passen oder an den Rand des Spielfeldes legen<br><\/p>\n\n\n\n<p><strong>Wurfzwang:<\/strong><br>&#8211; das Team mit mehr B\u00e4llen auf seiner Spielfeldh\u00e4lfte muss werfen, bei gleicher Anzahl das Team mit mehr Spielern; ansonsten legt der Schiedsrichter es fest<br>&#8211; sind alle B\u00e4lle im Spielfeld hat das Team 5 Sekunden Zeit um in einen Angriff \u00fcberzugehen, ansonsten z\u00e4hlt der Schiedsrichter von 5 runter<br>&#8211; z\u00e4hlt der Schiedsrichter auf \u201e0\u201c ohne das ein Ball geworfen wurde, m\u00fcssen alle B\u00e4lle auf die andere Seite gerollt werden<br><\/p>\n\n\n\n<p><strong>Headshot Regel:<\/strong><br>&#8211; ruft der Schiri die Headshot Regel aus, hat der am Kopf Getroffene 10 Sekunden Zeit einen Shot zu trinken. Er scheidet dadurch nicht aus und kann direkt wieder am Spiel teilnehmen. Braucht er l\u00e4nger als 10 Sekunden, ist er raus. Die Regel ist nur einmal im Satz anwendbar<\/p>\n\n\n\n<p><br><strong>Suicide-Sprung:<\/strong><br>&#8211; ist nicht erlaubt (Verletzungsgefahr)<\/p>\n","protected":false},"excerpt":{"rendered":"<p>Allgemein:&#8211; gespielt wird mit 6 offiziellen 18cm Schaumstoffb\u00e4llen auf 3 Spielfeldern &#8211; das Spielfeld entspricht einem Volleyballfeld, an den Enden sind Fangnetz aufgestellt&#8211; Ziel ist es die Gegner abzuwerfen oder durch Catches ausscheiden zu lassen&#8211; das Team welches zuerst alle <a class=\"more-link\" href=\"https:\/\/www.dodgeball-chemnitz.de\/index.php\/regeln\/\">Weiterlesen\u00a0\u2026<\/a><\/p>\n","protected":false},"author":1,"featured_media":0,"parent":0,"menu_order":0,"comment_status":"closed","ping_status":"closed","template":"","meta":{"footnotes":""},"class_list":["post-69","page","type-page","status-publish","hentry"],"_links":{"self":[{"href":"https:\/\/www.dodgeball-chemnitz.de\/index.php\/wp-json\/wp\/v2\/pages\/69","targetHints":{"allow":["GET"]}}],"collection":[{"href":"https:\/\/www.dodgeball-chemnitz.de\/index.php\/wp-json\/wp\/v2\/pages"}],"about":[{"href":"https:\/\/www.dodgeball-chemnitz.de\/index.php\/wp-json\/wp\/v2\/types\/page"}],"author":[{"embeddable":true,"href":"https:\/\/www.dodgeball-chemnitz.de\/index.php\/wp-json\/wp\/v2\/users\/1"}],"replies":[{"embeddable":true,"href":"https:\/\/www.dodgeball-chemnitz.de\/index.php\/wp-json\/wp\/v2\/comments?post=69"}],"version-history":[{"count":11,"href":"https:\/\/www.dodgeball-chemnitz.de\/index.php\/wp-json\/wp\/v2\/pages\/69\/revisions"}],"predecessor-version":[{"id":1124,"href":"https:\/\/www.dodgeball-chemnitz.de\/index.php\/wp-json\/wp\/v2\/pages\/69\/revisions\/1124"}],"wp:attachment":[{"href":"https:\/\/www.dodgeball-chemnitz.de\/index.php\/wp-json\/wp\/v2\/media?parent=69"}],"curies":[{"name":"wp","href":"https:\/\/api.w.org\/{rel}","templated":true}]}}