{"id":465,"date":"2018-01-20T16:09:36","date_gmt":"2018-01-20T14:09:36","guid":{"rendered":"https:\/\/www.dodgeball-chemnitz.de\/?page_id=465"},"modified":"2018-01-20T16:09:36","modified_gmt":"2018-01-20T14:09:36","slug":"ergebnisse","status":"publish","type":"page","link":"https:\/\/www.dodgeball-chemnitz.de\/index.php\/dodgeball-2018\/ergebnisse\/","title":{"rendered":"Ergebnisse"},"content":{"rendered":"<div class=\"\" data-block=\"true\" data-editor=\"5glmk\" data-offset-key=\"9mfh2-0-0\">\n<div class=\"_1mf _1mj\" data-offset-key=\"9mfh2-0-0\"><span data-offset-key=\"9mfh2-0-0\">Vielen Dank das ihr am Mittwoch da wart und vielen Dank f\u00fcr die entspannte und faire Stimmung zwischen den Teams. Das war bisher nicht jedes Jahr so (y). Somit war der Abend hoffentlich f\u00fcr alle wieder ein besonderer Abend.<\/span><\/div>\n<\/div>\n<div class=\"\" data-block=\"true\" data-editor=\"5glmk\" data-offset-key=\"74c07-0-0\">\n<div class=\"_1mf _1mj\" data-offset-key=\"74c07-0-0\"><span data-offset-key=\"74c07-0-0\">\u00a0<\/span><\/div>\n<\/div>\n<div class=\"\" data-block=\"true\" data-editor=\"5glmk\" data-offset-key=\"9s7am-0-0\">\n<div class=\"_1mf _1mj\" data-offset-key=\"9s7am-0-0\"><span data-offset-key=\"9s7am-0-0\">Eure Verbesserungsw\u00fcnsche nehmen wir in die Planung im N\u00e4chsten Jahr auf und schauen, was wir besser machen k\u00f6nnen. Voraussitlich wird am 16.01.2019 eine neue Auflage stattfinden. Informationen dazu wird es aber erst im Herbst geben.<\/span><\/div>\n<\/div>\n<div class=\"\" data-block=\"true\" data-editor=\"5glmk\" data-offset-key=\"fe27h-0-0\">\n<div class=\"_1mf _1mj\" data-offset-key=\"fe27h-0-0\"><\/div>\n<\/div>\n<p>Die Ergebnisse aus dem Jahr 2018 findet ihr hier:<\/p>\n<p><a href=\"https:\/\/www.dodgeball-chemnitz.de\/wp-content\/uploads\/2018\/01\/Dodgeball_Spielplan18.pdf\">Dodgeball_Spielplan18<\/a><\/p>\n","protected":false},"excerpt":{"rendered":"<p>Vielen Dank das ihr am Mittwoch da wart und vielen Dank f\u00fcr die entspannte und faire Stimmung zwischen den Teams. Das war bisher nicht jedes Jahr so (y). Somit war der Abend hoffentlich f\u00fcr alle wieder ein besonderer Abend. \u00a0 <a class=\"more-link\" href=\"https:\/\/www.dodgeball-chemnitz.de\/index.php\/dodgeball-2018\/ergebnisse\/\">Weiterlesen\u00a0\u2026<\/a><\/p>\n","protected":false},"author":1,"featured_media":0,"parent":446,"menu_order":0,"comment_status":"closed","ping_status":"closed","template":"","meta":{"footnotes":""},"class_list":["post-465","page","type-page","status-publish","hentry"],"_links":{"self":[{"href":"https:\/\/www.dodgeball-chemnitz.de\/index.php\/wp-json\/wp\/v2\/pages\/465","targetHints":{"allow":["GET"]}}],"collection":[{"href":"https:\/\/www.dodgeball-chemnitz.de\/index.php\/wp-json\/wp\/v2\/pages"}],"about":[{"href":"https:\/\/www.dodgeball-chemnitz.de\/index.php\/wp-json\/wp\/v2\/types\/page"}],"author":[{"embeddable":true,"href":"https:\/\/www.dodgeball-chemnitz.de\/index.php\/wp-json\/wp\/v2\/users\/1"}],"replies":[{"embeddable":true,"href":"https:\/\/www.dodgeball-chemnitz.de\/index.php\/wp-json\/wp\/v2\/comments?post=465"}],"version-history":[{"count":1,"href":"https:\/\/www.dodgeball-chemnitz.de\/index.php\/wp-json\/wp\/v2\/pages\/465\/revisions"}],"predecessor-version":[{"id":467,"href":"https:\/\/www.dodgeball-chemnitz.de\/index.php\/wp-json\/wp\/v2\/pages\/465\/revisions\/467"}],"up":[{"embeddable":true,"href":"https:\/\/www.dodgeball-chemnitz.de\/index.php\/wp-json\/wp\/v2\/pages\/446"}],"wp:attachment":[{"href":"https:\/\/www.dodgeball-chemnitz.de\/index.php\/wp-json\/wp\/v2\/media?parent=465"}],"curies":[{"name":"wp","href":"https:\/\/api.w.org\/{rel}","templated":true}]}}