{"id":43,"date":"2016-10-16T17:17:27","date_gmt":"2016-10-16T15:17:27","guid":{"rendered":"https:\/\/www.dodgeball-chemnitz.de\/?page_id=43"},"modified":"2025-02-11T15:57:26","modified_gmt":"2025-02-11T13:57:26","slug":"impressum","status":"publish","type":"page","link":"https:\/\/www.dodgeball-chemnitz.de\/index.php\/impressum\/","title":{"rendered":"Impressum"},"content":{"rendered":"<p>Lauf-KulTour e.\u2008V.<br \/>\nHoferstr. 23i<br \/>\n09130 Chemnitz<\/p>\n<p>Bei <strong>dringenden Fragen <\/strong>nutzen Sie bitte das <a title=\"Kontakt\" href=\"..\/kontakt\/\">Kontaktformular<\/a>. Vielen Dank!<\/p>\n<p><strong>Inhalt des Onlineangebotes:<\/strong> Vom Seitenbetreiber wird keinerlei Gew\u00e4hr f\u00fcr die Aktualit\u00e4t, Korrektheit, Vollst\u00e4ndigkeit oder Qualit\u00e4t der bereitgestellten Informationen \u00fcbernommen. Der Seitenbetreiber schlie\u00dft grunds\u00e4tzlich Haftungsanspr\u00fcche aus, welche sich auf Sch\u00e4den materieller oder ideeller Art beziehen, die durch die Nutzung oder Nichtnutzung der dargestellten Informationen bzw. durch die Nutzung fehlerhafter und unvollst\u00e4ndiger Informationen verursacht wurden, sofern seitens des Seitenbetreibers kein nachweislich vors\u00e4tzliches Verschulden vorliegt. Der Seitenbetreiber erkl\u00e4rt in diesem Zusammenhang, dass einige Bereiche der Angaben auf Gutachten und Informationen Dritter beruhen. Die Inhalte stellen \u00fcberdies kein vertragliches Angebot dar. Der Seitenbetreiber beh\u00e4lt es sich ausdr\u00fccklich vor, Teile der Seiten oder das gesamte Angebot ohne gesonderte Ank\u00fcndigung zu ver\u00e4ndern, zu erg\u00e4nzen, zu l\u00f6schen oder die Ver\u00f6ffentlichungzeitweise oder endg\u00fcltig einzustellen.<\/p>\n<p><strong>Verweise und Links:<\/strong> Die Haftungsverpflichtung bei direkten oder indirekten Verweisen auf fremde Internetseiten (&#8222;Links&#8220;), die au\u00dferhalb des Verantwortungsbereiches des Seitenbetreibers liegen, ist ausgeschlossen, es sei denn, der Seitenbetreiber hat von der Rechtswidrigkeit der Inhalte Kenntnis und es ist ihr technisch m\u00f6glich und zumutbar, die Nutzung zu verhindern. Der Seitenbetreiber stellt daher ausdr\u00fccklich fest, dass sie keine Informationen \u00fcber rechtswidrige Inhalte auf den verlinkten Seiten hatte. Auf die aktuelle und zuk\u00fcnftige Gestaltung und auf die Inhalte der gelinkten \/ verkn\u00fcpften Seiten, die nach der Linksetzung ver\u00e4ndert wurden, hat der Seitenbetreiber keinerlei Einfluss und \u00fcberpr\u00fcft die Inhalte dieser Seiten auch nicht. Deshalb distanziert er sich hiermit ausdr\u00fccklich von allen Inhalten aller gelinkten \/verkn\u00fcpften Seiten, die nach der Linksetzung ver\u00e4ndert wurden. Diese Feststellung gilt f\u00fcr alle innerhalb Fremdeintr\u00e4ge in vom Autor eingerichteten G\u00e4steb\u00fcchern, Diskussionsforen und Mailinglisten. Allein der Anbieter der Seite haftet f\u00fcr illegale, fehlerhafte oder unvollst\u00e4ndige Inhalte und insbesondere f\u00fcr Sch\u00e4den, die aus der Nutzung oder Nichtnutzung derart dargestellter Informationen entstehen, auf welche verwiesen wurde, und nicht derjenige, der \u00fcber Links auf die jeweilige Ver\u00f6ffentlichung lediglich verweist.<\/p>\n<p><strong>Datenschutz:<\/strong> Sofern innerhalb des Internetangebotes die M\u00f6glichkeit zur Eingabe pers\u00f6nlicher oder gesch\u00e4ftlicher Daten (Emailadressen, Namen, Anschriften) besteht, so erfolgt die Preisgabe dieser Daten seitens des Nutzers auf ausdr\u00fccklich freiwilliger Basis. Die Inanspruchnahme und Bezahlung aller angebotenen Dienste ist &#8211; soweit technisch m\u00f6glich und zumutbar &#8211; auch ohne Angabe solcher Daten bzw. unter Angabe anonymisierter Daten oder eines Pseudonyms gestattet. Die Nutzung der im Rahmen des Impressums oder vergleichbarer Angaben ver\u00f6ffentlichten Kontaktdaten wie Postanschriften, Telefon- und Faxnummern sowie Emailadressen durch Dritte zur \u00dcbersendung von nicht ausdr\u00fccklich angeforderten Informationen ist nicht gestattet. Rechtliche Schritte gegen die Versender von sogenannten Spam-Mails bei Verst\u00f6ssen gegen dieses Verbot sind ausdr\u00fccklich vorbehalten.<\/p>\n<p><strong>Urheber- und Kennzeichenrecht:<\/strong> Der Autor ist bestrebt, in allen Publikationen die Urheberrechte der verwendeten Grafiken, Animationen, Fotos und Texte zu beachten, von ihm selbst erstellte Grafiken, Animationen, Fotos und Texte zu nutzen oder auf lizenzfreie Grafiken, Animationen, Fotos und Texte zur\u00fcckzugreifen. Alle innerhalb des Internetangebotes genannten und ggf. durch Dritte gesch\u00fctzten Marken- und Warenzeichen unterliegen uneingeschr\u00e4nkt den Bestimmungen des jeweils g\u00fcltigen Kennzeichenrechts und den Besitzrechten der jeweiligen eingetragenen Eigent\u00fcmer. Allein aufgrund der blo\u00dfen Nennung ist nicht der Schluss zu ziehen, dass Markenzeichen nicht durch Rechte Dritter gesch\u00fctzt sind! Das Copyright f\u00fcr ver\u00f6ffentlichte, vom Seitenbetreiber oder ihren Auftragnehmern selbst erstellte Objekte bleibt allein beim Seitenbetreiber. Eine Vervielf\u00e4ltigung oder Verwendung solcher Grafiken, Animationen, Fotos und Texte in anderen elektronischen oder gedruckten Publikationen ist ohne ausdr\u00fcckliche, schriftliche Zustimmung des Seitenbetreibers nicht gestattet.<\/p>\n<p><strong>Rechtswirksamkeit d. Haftungsausschluss:<\/strong> Dieser Haftungsausschluss ist als Teil des Internetangebotes zu betrachten, von dem aus auf diese Seite verwiesen wurde. Sofern Teile oder einzelne Formulierungen dieses Textes der geltenden Rechtslage nicht, nicht mehr oder nicht vollst\u00e4ndig entsprechen sollten, bleiben die \u00fcbrigen Teile des Dokumentes in ihrem Inhalt und ihrer G\u00fcltigkeit davon unber\u00fchrt.<\/p>\n","protected":false},"excerpt":{"rendered":"<p>Lauf-KulTour e.\u2008V. Hoferstr. 23i 09130 Chemnitz Bei dringenden Fragen nutzen Sie bitte das Kontaktformular. Vielen Dank! Inhalt des Onlineangebotes: Vom Seitenbetreiber wird keinerlei Gew\u00e4hr f\u00fcr die Aktualit\u00e4t, Korrektheit, Vollst\u00e4ndigkeit oder Qualit\u00e4t der bereitgestellten Informationen \u00fcbernommen. Der Seitenbetreiber schlie\u00dft grunds\u00e4tzlich Haftungsanspr\u00fcche <a class=\"more-link\" href=\"https:\/\/www.dodgeball-chemnitz.de\/index.php\/impressum\/\">Weiterlesen\u00a0\u2026<\/a><\/p>\n","protected":false},"author":1,"featured_media":0,"parent":0,"menu_order":0,"comment_status":"closed","ping_status":"closed","template":"","meta":{"footnotes":""},"class_list":["post-43","page","type-page","status-publish","hentry"],"_links":{"self":[{"href":"https:\/\/www.dodgeball-chemnitz.de\/index.php\/wp-json\/wp\/v2\/pages\/43","targetHints":{"allow":["GET"]}}],"collection":[{"href":"https:\/\/www.dodgeball-chemnitz.de\/index.php\/wp-json\/wp\/v2\/pages"}],"about":[{"href":"https:\/\/www.dodgeball-chemnitz.de\/index.php\/wp-json\/wp\/v2\/types\/page"}],"author":[{"embeddable":true,"href":"https:\/\/www.dodgeball-chemnitz.de\/index.php\/wp-json\/wp\/v2\/users\/1"}],"replies":[{"embeddable":true,"href":"https:\/\/www.dodgeball-chemnitz.de\/index.php\/wp-json\/wp\/v2\/comments?post=43"}],"version-history":[{"count":5,"href":"https:\/\/www.dodgeball-chemnitz.de\/index.php\/wp-json\/wp\/v2\/pages\/43\/revisions"}],"predecessor-version":[{"id":1077,"href":"https:\/\/www.dodgeball-chemnitz.de\/index.php\/wp-json\/wp\/v2\/pages\/43\/revisions\/1077"}],"wp:attachment":[{"href":"https:\/\/www.dodgeball-chemnitz.de\/index.php\/wp-json\/wp\/v2\/media?parent=43"}],"curies":[{"name":"wp","href":"https:\/\/api.w.org\/{rel}","templated":true}]}}