{"id":278,"date":"2016-12-01T19:46:33","date_gmt":"2016-12-01T17:46:33","guid":{"rendered":"https:\/\/www.dodgeball-chemnitz.de\/?page_id=278"},"modified":"2016-12-01T19:46:33","modified_gmt":"2016-12-01T17:46:33","slug":"teilnahmebedingungen","status":"publish","type":"page","link":"https:\/\/www.dodgeball-chemnitz.de\/index.php\/impressum\/teilnahmebedingungen\/","title":{"rendered":"Teilnahmebedingungen"},"content":{"rendered":"<p><strong>\u00a7 1 Anwendungsbereich, Geltung<\/strong><\/p>\n<p>1.1 Veranstalter des Wettbewerbs ist der Lauf-KulTour e.V. und das Studentenwerk Chemnitz Zwickau<\/p>\n<p>1.2 Diese Teilnahmebedingungen regeln das zwischen den Teilnehmern und dem Veranstalter zustande kommende Rechtsverh\u00e4ltnis (Organisationsvertrag). Sie sind in ihrer, zum Zeitpunkt der Anmeldung jeweils g\u00fcltigen, Fassung Bestandteil des Vertrages zwischen Veranstalter und Teilnehmer. \u00c4nderungen, die unter Ber\u00fccksichtigung der berechtigten Interessen der Teilnehmer erfolgen und die vom Veranstalter im Internet oder in Schriftform bekannt gegeben werden, werden ohne Weiteres Vertragsbestandteil, sofern der Teilnehmer nicht innerhalb von einer Woche nach Zugang der \u00c4nderungen diesen widerspricht.<\/p>\n<p>1.3 S\u00e4mtliche Erkl\u00e4rungen eines Teilnehmers gegen\u00fcber dem Veranstalter sind an den Lauf-KulTour e.V. zu richten.<\/p>\n<p>1.4 Der Teilnehmer erkennt mit seiner Anmeldung die diesseitigen Allgemeinen Teilnahmebedingungen uneingeschr\u00e4nkt an. Sofern eine Gruppe von Teilnehmern ein Gruppenmitglied (z.B. Teamcaptain oder Vereinsvertreter) mit der Anmeldung zu einer Veranstaltung beauftragt, gelten diese Allgemeinen Teilnahmebedingungen mit der Anmeldung der Gruppe durch das beauftragte Gruppenmitglied gegen\u00fcber jedem Teilnehmer der Gruppe. Das beauftragte Gruppenmitglied hat die jeweiligen Teilnehmer der Gruppe \u00fcber den Inhalt der Allgemeinen Teilnahmebedingungen zu informieren und aufzukl\u00e4ren, insbesondere bez\u00fcglich der allgemeinen gesundheitlichen Vorgaben.<\/p>\n<p><strong>\u00a7 2 Anmeldung \/ Teilnehmerbeitrag \/ Zahlungsbedingungen \/ R\u00fcckerstattung<\/strong><\/p>\n<p>2.1. Die Anmeldung hat online unter www.dodgeball-chemnitz.de bei der jeweiligen Ausschreibung zu erfolgen. Anmeldungen per Fax oder E-Mail werden nicht angenommen.<\/p>\n<p>2.2. Der Teilnehmerbeitrag ist den jeweiligen Wettkampfausschreibungen zu entnehmen.<\/p>\n<p>2.3. Tritt ein gemeldeter Teilnehmer nicht zum Start an, so besteht kein Anspruch auf R\u00fcckzahlung des Teilnehmerbeitrags. Gleiches gibt bei Ausschluss \/ Disqualifizierung des Teilnehmers durch den Veranstalter.<\/p>\n<p>2.4. Der Teilnehmerbeitrag wird bei Ausfall der Veranstaltung zur\u00fcckerstattet. Bei Abbruch der Veranstaltung wird der Teilnehmerbeitrag nicht erstattet.<\/p>\n<p><strong>\u00a7 3 Haftungsausschluss \/ Haftungsbegrenzung<\/strong><\/p>\n<p>3.1 Der Veranstalter ist berechtigt, in F\u00e4llen h\u00f6herer Gewalt oder aufgrund beh\u00f6rdlicher Anordnungen oder aus Sicherheitsgr\u00fcnden \u00c4nderungen in der Durchf\u00fchrung der Veranstaltung vorzunehmen oder die Veranstaltung abzusagen. In diesen F\u00e4llen besteht keine Schadenersatzverpflichtung des Veranstalters gegen\u00fcber den Teilnehmern.<\/p>\n<p>3.2 Eine Haftung des Veranstalters f\u00fcr Personen-, Sach- und Verm\u00f6genssch\u00e4den jeder Art, ohne R\u00fccksicht auf die Rechtsnatur des geltend gemachten Anspruchs, die den Teilnehmer w\u00e4hrend oder im Zusammenhang mit der Teilnahme an der Veranstaltung durch ein Verhalten des Veranstalters, seiner Vertreter und Erf\u00fcllungsgehilfen entstehen, ist ausgeschlossen, soweit es sich nicht um F\u00e4lle handelt, in denen Sch\u00e4den durch den Veranstalter, seine Vertreter sowie Erf\u00fcllungsgehilfen durch Vorsatz oder grobe Fahrl\u00e4ssigkeit verursacht wurden.<\/p>\n<p>3.3 Soweit die Schadenersatzhaftung des Veranstalters ausgeschlossen oder eingeschr\u00e4nkt ist, gilt dies auch im Hinblick auf die pers\u00f6nliche Schadenersatzhaftung der Angestellten, Vertreter, Erf\u00fcllungsgehilfen und Sponsoren.<\/p>\n<p>3.4 Soweit dem Veranstalter oder den o.g. Personen (siehe Abs. 3) keine vors\u00e4tzliche Pflichtverletzung angelastet wird, ist der Anspruch auf Schadenersatz dem Grunde und der H\u00f6he nach auf den vorhersehbaren, typischerweise eintretenden Schaden begrenzt.<\/p>\n<p>3.5 Der Veranstalter \u00fcbernimmt keine Haftung f\u00fcr unentgeltlich verwahrte Gegenst\u00e4nde des Teilnehmers.<\/p>\n<p><strong>\u00a7 4 Sicherheitsma\u00dfnahmen<\/strong><br \/>\n4.1 Startberechtigt ist jeder, der das 16. Lebensjahr erreicht hat.<\/p>\n<p>4.2 Teilnehmer unter 18 Jahren k\u00f6nnen nur mit schriftlicher Zustimmung der Eltern teilnehmen.<\/p>\n<p>4.3 Mit seiner Anmeldung zu einem Wettkampf bringt der Teilnehmer zum Ausdruck, dass er f\u00fcr die Teilnahme ausreichend trainiert hat, k\u00f6rperlich gesund ist und der Gesundheitszustand ggf. \u00e4rztlich best\u00e4tigt wurde.<\/p>\n<p>4.4 Ma\u00dfnahmen zur Vereinfachung der Organisation gibt der Veranstalter den Teilnehmern rechtzeitig vor Beginn der Veranstaltung bekannt. Den Anweisungen des Veranstalters bei der Durchf\u00fchrung der Veranstaltung ist unbedingt Folge zu leisten. Bei Zuwiderhandlungen, die den ordnungsgem\u00e4\u00dfen Ablauf der Veranstaltung st\u00f6ren oder die Sicherheit der \u00fcbrigen Teilnehmer gef\u00e4hrden, ist der Veranstalter berechtigt, den Betreffenden von der weiteren Teilnahme an der Veranstaltung auszuschlie\u00dfen.<\/p>\n<p>\u00a7 5 Datenerhebung und Bildnisverwertung<\/p>\n<p>5.1 Die f\u00fcr die Abwicklung der Anmeldung und die Durchf\u00fchrung der Veranstaltung erforderlichen, vom Teilnehmer angegebenen personenbezogenen Daten werden gespeichert und entsprechend verarbeitet. Mit der Anmeldung willigt der Teilnehmer in eine Speicherung der Daten ein.<\/p>\n<p>5.2 Der Teilnehmer erkl\u00e4rt sich damit einverstanden, dass die im Zusammenhang mit seiner Teilnahme an der Veranstaltung gemachten Fotos, Filmaufnahmen und Interviews in Rundfunk, Fernsehen, Internet, Printmedien, B\u00fcchern, fotomechanischen Vervielf\u00e4ltigungen (Filme, Videokassette etc.) ohne Anspruch auf Verg\u00fctung verbreitet und ver\u00f6ffentlicht werden. Gleiches gilt f\u00fcr die Wiedergabe personenbezogener Daten im Zusammenhang mit der Ver\u00f6ffentlichung u.a. von Ergebnislisten.<\/p>\n<p>5.3 Der Teilnehmer kann der Weitergabe seiner personenbezogenen Daten gegen\u00fcber dem Veranstalter schriftlich, per Telefax oder E-Mail widersprechen.<\/p>\n","protected":false},"excerpt":{"rendered":"<p>\u00a7 1 Anwendungsbereich, Geltung 1.1 Veranstalter des Wettbewerbs ist der Lauf-KulTour e.V. und das Studentenwerk Chemnitz Zwickau 1.2 Diese Teilnahmebedingungen regeln das zwischen den Teilnehmern und dem Veranstalter zustande kommende Rechtsverh\u00e4ltnis (Organisationsvertrag). Sie sind in ihrer, zum Zeitpunkt der Anmeldung <a class=\"more-link\" href=\"https:\/\/www.dodgeball-chemnitz.de\/index.php\/impressum\/teilnahmebedingungen\/\">Weiterlesen\u00a0\u2026<\/a><\/p>\n","protected":false},"author":1,"featured_media":0,"parent":43,"menu_order":0,"comment_status":"closed","ping_status":"closed","template":"","meta":{"footnotes":""},"class_list":["post-278","page","type-page","status-publish","hentry"],"_links":{"self":[{"href":"https:\/\/www.dodgeball-chemnitz.de\/index.php\/wp-json\/wp\/v2\/pages\/278","targetHints":{"allow":["GET"]}}],"collection":[{"href":"https:\/\/www.dodgeball-chemnitz.de\/index.php\/wp-json\/wp\/v2\/pages"}],"about":[{"href":"https:\/\/www.dodgeball-chemnitz.de\/index.php\/wp-json\/wp\/v2\/types\/page"}],"author":[{"embeddable":true,"href":"https:\/\/www.dodgeball-chemnitz.de\/index.php\/wp-json\/wp\/v2\/users\/1"}],"replies":[{"embeddable":true,"href":"https:\/\/www.dodgeball-chemnitz.de\/index.php\/wp-json\/wp\/v2\/comments?post=278"}],"version-history":[{"count":1,"href":"https:\/\/www.dodgeball-chemnitz.de\/index.php\/wp-json\/wp\/v2\/pages\/278\/revisions"}],"predecessor-version":[{"id":279,"href":"https:\/\/www.dodgeball-chemnitz.de\/index.php\/wp-json\/wp\/v2\/pages\/278\/revisions\/279"}],"up":[{"embeddable":true,"href":"https:\/\/www.dodgeball-chemnitz.de\/index.php\/wp-json\/wp\/v2\/pages\/43"}],"wp:attachment":[{"href":"https:\/\/www.dodgeball-chemnitz.de\/index.php\/wp-json\/wp\/v2\/media?parent=278"}],"curies":[{"name":"wp","href":"https:\/\/api.w.org\/{rel}","templated":true}]}}